{"id":18655,"date":"2020-08-02T23:20:48","date_gmt":"2020-08-02T21:20:48","guid":{"rendered":"https:\/\/gotowi.org\/elementary\/radio-emergency-announcements\/"},"modified":"2020-08-26T13:46:19","modified_gmt":"2020-08-26T11:46:19","slug":"radio-emergency-announcements","status":"publish","type":"page","link":"https:\/\/gotowi.org\/en\/elementary\/radio-emergency-announcements\/","title":{"rendered":"Radio emergency announcements"},"content":{"rendered":"<h1>\n\t\t\n\t<\/h1>\n<h3>\n\t\tIn case of danger, activate Polish Radio\u2019s Program 1 on frequencies:\n\t<\/h3>\n\t<table width=\"578\">\n<tbody>\n<tr>\n<td width=\"220\"><strong>Voivodship<\/strong><\/td>\n<td width=\"215\"><strong>Cities<\/strong><\/td>\n<td width=\"142\"><strong>Frequency, MHz<\/strong><\/td>\n<\/tr>\n<tr>\n<td width=\"220\">dolno\u015bl\u0105skie<\/td>\n<td width=\"215\">Wroc\u0142aw, Legnica, Dzier\u017coni\u00f3w<\/td>\n<td width=\"142\">98,8<\/td>\n<\/tr>\n<tr>\n<td width=\"220\">&nbsp;<\/td>\n<td width=\"215\">Jelenia G\u00f3ra<\/td>\n<td width=\"142\">92,5<\/td>\n<\/tr>\n<tr>\n<td width=\"220\">kujawsko-pomorskie<\/td>\n<td width=\"215\">Bydgoszcz<\/td>\n<td width=\"142\">106,6<\/td>\n<\/tr>\n<tr>\n<td width=\"220\">lubelskie<\/td>\n<td width=\"215\">Lublin, Kra\u015bnik, Che\u0142m, W\u0142odawa<\/td>\n<td width=\"142\">90,8<\/td>\n<\/tr>\n<tr>\n<td width=\"220\">&nbsp;<\/td>\n<td width=\"215\">D\u0119blin, Pu\u0142awy<\/td>\n<td width=\"142\">105,1<\/td>\n<\/tr>\n<tr>\n<td width=\"220\">lubuskie<\/td>\n<td width=\"215\">Zielona G\u00f3ra, \u017baga\u0144<\/td>\n<td width=\"142\">91,2<\/td>\n<\/tr>\n<tr>\n<td width=\"220\">\u0142\u00f3dzkie<\/td>\n<td width=\"215\">\u0141\u00f3d\u017a<\/td>\n<td width=\"142\">107,8<\/td>\n<\/tr>\n<tr>\n<td width=\"220\">&nbsp;<\/td>\n<td width=\"215\">Opoczno<\/td>\n<td width=\"142\">92,0<\/td>\n<\/tr>\n<tr>\n<td width=\"220\">ma\u0142opolskie<\/td>\n<td width=\"215\">Krak\u00f3w<\/td>\n<td width=\"142\">89,4<\/td>\n<\/tr>\n<tr>\n<td width=\"220\">&nbsp;<\/td>\n<td width=\"215\">Tarn\u00f3w<\/td>\n<td width=\"142\">91,1<\/td>\n<\/tr>\n<tr>\n<td width=\"220\">mazowieckie<\/td>\n<td width=\"215\">Warszawa<\/td>\n<td width=\"142\">92,4<\/td>\n<\/tr>\n<tr>\n<td width=\"220\">&nbsp;<\/td>\n<td width=\"215\">\u017byrard\u00f3w, Sochaczew<\/td>\n<td width=\"142\">102,4<\/td>\n<\/tr>\n<tr>\n<td width=\"220\">&nbsp;<\/td>\n<td width=\"215\">P\u0142ock, Sierpc<\/td>\n<td width=\"142\">92,2<\/td>\n<\/tr>\n<tr>\n<td width=\"220\">&nbsp;<\/td>\n<td width=\"215\">Przasnysz, Ciechan\u00f3w<\/td>\n<td width=\"142\">105,9<\/td>\n<\/tr>\n<tr>\n<td width=\"220\">&nbsp;<\/td>\n<td width=\"215\">Ostro\u0142\u0119ka<\/td>\n<td width=\"142\">106,7<\/td>\n<\/tr>\n<tr>\n<td width=\"220\">mazowieckie\/lubelskie<\/td>\n<td width=\"215\">Siedlce, Bia\u0142a Podlaska, \u0141uk\u00f3w<\/td>\n<td width=\"142\">88,3<\/td>\n<\/tr>\n<tr>\n<td width=\"220\">opolskie<\/td>\n<td width=\"215\">Opole<\/td>\n<td width=\"142\">88,3<\/td>\n<\/tr>\n<tr>\n<td width=\"220\">podkarpackie<\/td>\n<td width=\"215\">Krosno<\/td>\n<td width=\"142\">88,0<\/td>\n<\/tr>\n<tr>\n<td width=\"220\">&nbsp;<\/td>\n<td width=\"215\">Sanok, Solina, Wetlina<\/td>\n<td width=\"142\">90,7<\/td>\n<\/tr>\n<tr>\n<td width=\"220\">podlaskie<\/td>\n<td width=\"215\">Bia\u0142ystok, Bielsk Podlaski, \u0141om\u017ca<\/td>\n<td width=\"142\">92,3<\/td>\n<\/tr>\n<tr>\n<td width=\"220\">&nbsp;<\/td>\n<td width=\"215\">Suwa\u0142ki<\/td>\n<td width=\"142\">105,5<\/td>\n<\/tr>\n<tr>\n<td width=\"220\">pomorskie<\/td>\n<td width=\"215\">Gda\u0144sk, Elbl\u0105g<\/td>\n<td width=\"142\">95,7<\/td>\n<\/tr>\n<tr>\n<td width=\"220\">&nbsp;<\/td>\n<td width=\"215\">L\u0119bork<\/td>\n<td width=\"142\">100,5<\/td>\n<\/tr>\n<tr>\n<td width=\"220\">&nbsp;<\/td>\n<td width=\"215\">Grudzi\u0105dz<\/td>\n<td width=\"142\">99,6<\/td>\n<\/tr>\n<tr>\n<td width=\"220\">&nbsp;<\/td>\n<td width=\"215\">I\u0142awa<\/td>\n<td width=\"142\">94,8<\/td>\n<\/tr>\n<tr>\n<td width=\"220\">\u015bl\u0105skie<\/td>\n<td width=\"215\">Katowice<\/td>\n<td width=\"142\">97,9<\/td>\n<\/tr>\n<tr>\n<td width=\"220\">&nbsp;<\/td>\n<td width=\"215\">Cz\u0119stochowa<\/td>\n<td width=\"142\">87,5<\/td>\n<\/tr>\n<tr>\n<td width=\"220\">&nbsp;<\/td>\n<td width=\"215\">\u017bywiec, Bielsko Bia\u0142a<\/td>\n<td width=\"142\">91,5<\/td>\n<\/tr>\n<tr>\n<td width=\"220\">\u015bwi\u0119tokrzyskie<\/td>\n<td width=\"215\">Kielce<\/td>\n<td width=\"142\">92,3<\/td>\n<\/tr>\n<tr>\n<td width=\"220\">warmi\u0144sko-mazurskie<\/td>\n<td width=\"215\">Olsztyn<\/td>\n<td width=\"142\">93,0<\/td>\n<\/tr>\n<tr>\n<td width=\"220\">&nbsp;<\/td>\n<td width=\"215\">Gi\u017cycko<\/td>\n<td width=\"142\">97,1<\/td>\n<\/tr>\n<tr>\n<td width=\"220\">wielkopolskie<\/td>\n<td width=\"215\">Pozna\u0144, Leszno, Gniezno<\/td>\n<td width=\"142\">92,3<\/td>\n<\/tr>\n<tr>\n<td width=\"220\">&nbsp;<\/td>\n<td width=\"215\">Kalisz, Ostr\u00f3w Wlkp.<\/td>\n<td width=\"142\">100,0<\/td>\n<\/tr>\n<tr>\n<td width=\"220\">&nbsp;<\/td>\n<td width=\"215\">Konin<\/td>\n<td width=\"142\">87,7<\/td>\n<\/tr>\n<tr>\n<td width=\"220\">zachodniopomorskie<\/td>\n<td width=\"215\">Szczecin<\/td>\n<td width=\"142\">100,3<\/td>\n<\/tr>\n<tr>\n<td width=\"220\">&nbsp;<\/td>\n<td width=\"215\">\u015awinouj\u015bcie<\/td>\n<td width=\"142\">107,7<\/td>\n<\/tr>\n<tr>\n<td width=\"220\">&nbsp;<\/td>\n<td width=\"215\">Koszalin, Chojnice<\/td>\n<td width=\"142\">107,9<\/td>\n<\/tr>\n<tr>\n<td width=\"220\">&nbsp;<\/td>\n<td width=\"215\">Wa\u0142cz<\/td>\n<td width=\"142\">101,9<\/td>\n<\/tr>\n<\/tbody>\n<\/table>\n\t\t\t\t\t<ul id=\"menu-subpage-elementarz-en\"><li id=\"menu-item-18732\"><a href=\"https:\/\/gotowi.org\/en\/elementary\/alerting-and-warning\/\">Alerting and warning<\/a><\/li>\n<li id=\"menu-item-18733\"><a href=\"https:\/\/gotowi.org\/en\/elementary\/evacuation\/\">Evacuation<\/a><\/li>\n<li id=\"menu-item-18734\"><a href=\"https:\/\/gotowi.org\/en\/elementary\/first-aid\/\">First aid<\/a><\/li>\n<li id=\"menu-item-18735\"><a href=\"https:\/\/gotowi.org\/en\/elementary\/radio-emergency-announcements\/\">Radio emergency announcements<\/a><\/li>\n<li id=\"menu-item-18736\"><a href=\"https:\/\/gotowi.org\/en\/elementary\/emergency-numbers-in-poland\/\">Emergency numbers in Poland<\/a><\/li>\n<li id=\"menu-item-18737\"><a href=\"https:\/\/gotowi.org\/en\/elementary\/calling-for-help\/\">Calling for help<\/a><\/li>\n<li id=\"menu-item-18738\"><a href=\"https:\/\/gotowi.org\/en\/elementary\/the-rule-of-three\/\">The Rule of Three<\/a><\/li>\n<\/ul>\t\n\t\t\t\t\t<ul id=\"menu-subpage-elementarz-en-1\"><li id=\"menu-item-18732\"><a href=\"https:\/\/gotowi.org\/en\/elementary\/alerting-and-warning\/\">Alerting and warning<\/a><\/li>\n<li id=\"menu-item-18733\"><a href=\"https:\/\/gotowi.org\/en\/elementary\/evacuation\/\">Evacuation<\/a><\/li>\n<li id=\"menu-item-18734\"><a href=\"https:\/\/gotowi.org\/en\/elementary\/first-aid\/\">First aid<\/a><\/li>\n<li id=\"menu-item-18735\"><a href=\"https:\/\/gotowi.org\/en\/elementary\/radio-emergency-announcements\/\">Radio emergency announcements<\/a><\/li>\n<li id=\"menu-item-18736\"><a href=\"https:\/\/gotowi.org\/en\/elementary\/emergency-numbers-in-poland\/\">Emergency numbers in Poland<\/a><\/li>\n<li id=\"menu-item-18737\"><a href=\"https:\/\/gotowi.org\/en\/elementary\/calling-for-help\/\">Calling for help<\/a><\/li>\n<li id=\"menu-item-18738\"><a href=\"https:\/\/gotowi.org\/en\/elementary\/the-rule-of-three\/\">The Rule of Three<\/a><\/li>\n<\/ul>\t\n\t","protected":false},"excerpt":{"rendered":"<p>In case of danger, activate Polish Radio\u2019s Program 1 on frequencies: Voivodship Cities Frequency, MHz dolno\u015bl\u0105skie Wroc\u0142aw, Legnica, Dzier\u017coni\u00f3w 98,8 &nbsp; Jelenia G\u00f3ra 92,5 kujawsko-pomorskie Bydgoszcz 106,6 lubelskie Lublin, Kra\u015bnik, Che\u0142m, W\u0142odawa 90,8 &nbsp; D\u0119blin, Pu\u0142awy 105,1 lubuskie Zielona G\u00f3ra, \u017baga\u0144 91,2 \u0142\u00f3dzkie \u0141\u00f3d\u017a 107,8 &nbsp; Opoczno 92,0 ma\u0142opolskie Krak\u00f3w 89,4 &nbsp; Tarn\u00f3w 91,1 mazowieckie &#8230; <a title=\"Radio emergency announcements\" class=\"read-more\" href=\"https:\/\/gotowi.org\/en\/elementary\/radio-emergency-announcements\/\" aria-label=\"Read more about Radio emergency announcements\">Read more<\/a><\/p>\n","protected":false},"author":3,"featured_media":0,"parent":17904,"menu_order":0,"comment_status":"closed","ping_status":"closed","template":"","meta":{"_acf_changed":false,"_seopress_robots_primary_cat":"","_seopress_titles_title":"","_seopress_titles_desc":"","_seopress_robots_index":"","footnotes":""},"acf":[],"_links":{"self":[{"href":"https:\/\/gotowi.org\/en\/wp-json\/wp\/v2\/pages\/18655"}],"collection":[{"href":"https:\/\/gotowi.org\/en\/wp-json\/wp\/v2\/pages"}],"about":[{"href":"https:\/\/gotowi.org\/en\/wp-json\/wp\/v2\/types\/page"}],"author":[{"embeddable":true,"href":"https:\/\/gotowi.org\/en\/wp-json\/wp\/v2\/users\/3"}],"replies":[{"embeddable":true,"href":"https:\/\/gotowi.org\/en\/wp-json\/wp\/v2\/comments?post=18655"}],"version-history":[{"count":2,"href":"https:\/\/gotowi.org\/en\/wp-json\/wp\/v2\/pages\/18655\/revisions"}],"predecessor-version":[{"id":19124,"href":"https:\/\/gotowi.org\/en\/wp-json\/wp\/v2\/pages\/18655\/revisions\/19124"}],"up":[{"embeddable":true,"href":"https:\/\/gotowi.org\/en\/wp-json\/wp\/v2\/pages\/17904"}],"wp:attachment":[{"href":"https:\/\/gotowi.org\/en\/wp-json\/wp\/v2\/media?parent=18655"}],"curies":[{"name":"wp","href":"https:\/\/api.w.org\/{rel}","templated":true}]}}