{"id":18565,"date":"2020-08-02T13:04:14","date_gmt":"2020-08-02T11:04:14","guid":{"rendered":"https:\/\/gotowi.org\/campaign-partners\/"},"modified":"2020-08-26T08:52:59","modified_gmt":"2020-08-26T06:52:59","slug":"campaign-partners","status":"publish","type":"page","link":"https:\/\/gotowi.org\/en\/campaign-partners\/","title":{"rendered":"Campaign Partners"},"content":{"rendered":"<h1>\n\t\t\n\t<\/h1>\n\t\t\t\t<img loading=\"lazy\" decoding=\"async\" src=\"http:\/\/gotowi.org\/wp-content\/uploads\/2020\/07\/Apertus.png\" alt=\"Apertus Group Sp. z o.o.\" itemprop=\"image\" height=\"84\" width=\"204\" title=\"Apertus\" onerror=\"this.style.display='none'\"  \/>\n\t\tApertus Group Sp. z o.o.\n\t\t\t\t<img loading=\"lazy\" decoding=\"async\" src=\"http:\/\/gotowi.org\/wp-content\/uploads\/2020\/07\/Rajd-Katy\u0144ski.png\" alt=\"Fundacja \u201eRajd Katy\u0144ski\u201d\" itemprop=\"image\" height=\"236\" width=\"333\" title=\"Rajd Katy\u0144ski\" onerror=\"this.style.display='none'\"  \/>\n\t\tFundacja \u201eRajd Katy\u0144ski\u201d\n\t\t\t\t<img loading=\"lazy\" decoding=\"async\" src=\"http:\/\/gotowi.org\/wp-content\/uploads\/2020\/07\/BK.jpg\" alt=\"Biuro Rachunkowe Anna Pacocha \u0141\u00f3d\u017a\" itemprop=\"image\" height=\"1920\" width=\"1920\" title=\"Biuro Rachunkowe Anna Pacocha \u0141\u00f3d\u017a\" onerror=\"this.style.display='none'\"  \/>\n\t\tBiuro Rachunkowe Anna Pacocha \u0141\u00f3d\u017a\n\t\t\t\t<img loading=\"lazy\" decoding=\"async\" src=\"http:\/\/gotowi.org\/wp-content\/uploads\/2020\/07\/Stunts-Incorporated-Poland.png\" alt=\"Polscy Kaskaderzy Filmowi Zbigniew Modej\" itemprop=\"image\" height=\"337\" width=\"512\" title=\"Polscy Kaskaderzy Filmowi Zbigniew Modej\" onerror=\"this.style.display='none'\"  \/>\n\t\tPolscy Kaskaderzy Filmowi Zbigniew Modej\n\t\t\t\t<img loading=\"lazy\" decoding=\"async\" src=\"http:\/\/gotowi.org\/wp-content\/uploads\/2020\/07\/Sophia-Corda.jpg\" alt=\"Sophia Corda Sp. z o.o.\" itemprop=\"image\" height=\"187\" width=\"408\" title=\"Sophia Corda\" onerror=\"this.style.display='none'\"  \/>\n\t\tSophia Corda Sp. z o.o.\n\t\t\t\t<img loading=\"lazy\" decoding=\"async\" src=\"http:\/\/gotowi.org\/wp-content\/uploads\/2020\/07\/MillerMedia.png\" alt=\"MillerMedia\" itemprop=\"image\" height=\"2000\" width=\"2000\" title=\"MillerMedia\" onerror=\"this.style.display='none'\"  \/>\n\t\tMillerMedia\n","protected":false},"excerpt":{"rendered":"<p>Apertus Group Sp. z o.o. Fundacja \u201eRajd Katy\u0144ski\u201d Biuro Rachunkowe Anna Pacocha \u0141\u00f3d\u017a Polscy Kaskaderzy Filmowi Zbigniew Modej Sophia Corda Sp. z o.o. MillerMedia<\/p>\n","protected":false},"author":3,"featured_media":0,"parent":0,"menu_order":0,"comment_status":"closed","ping_status":"closed","template":"","meta":{"_acf_changed":false,"_seopress_robots_primary_cat":"","_seopress_titles_title":"","_seopress_titles_desc":"","_seopress_robots_index":"","footnotes":""},"acf":[],"_links":{"self":[{"href":"https:\/\/gotowi.org\/en\/wp-json\/wp\/v2\/pages\/18565"}],"collection":[{"href":"https:\/\/gotowi.org\/en\/wp-json\/wp\/v2\/pages"}],"about":[{"href":"https:\/\/gotowi.org\/en\/wp-json\/wp\/v2\/types\/page"}],"author":[{"embeddable":true,"href":"https:\/\/gotowi.org\/en\/wp-json\/wp\/v2\/users\/3"}],"replies":[{"embeddable":true,"href":"https:\/\/gotowi.org\/en\/wp-json\/wp\/v2\/comments?post=18565"}],"version-history":[{"count":2,"href":"https:\/\/gotowi.org\/en\/wp-json\/wp\/v2\/pages\/18565\/revisions"}],"predecessor-version":[{"id":19008,"href":"https:\/\/gotowi.org\/en\/wp-json\/wp\/v2\/pages\/18565\/revisions\/19008"}],"wp:attachment":[{"href":"https:\/\/gotowi.org\/en\/wp-json\/wp\/v2\/media?parent=18565"}],"curies":[{"name":"wp","href":"https:\/\/api.w.org\/{rel}","templated":true}]}}